{"id":2,"date":"2015-12-17T14:24:57","date_gmt":"2015-12-17T14:24:57","guid":{"rendered":"https:\/\/agromicrobios.biol.unlp.edu.ar\/?page_id=2"},"modified":"2015-12-21T12:02:15","modified_gmt":"2015-12-21T12:02:15","slug":"pagina-ejemplo","status":"publish","type":"page","link":"https:\/\/agromicrobios.biol.unlp.edu.ar\/?page_id=2","title":{"rendered":"Reuni\u00f3nes de coordinaci\u00f3n"},"content":{"rendered":"<header class=\"entry-header\">\n<h1 class=\"entry-title\"><a href=\"https:\/\/agromicrobios.biol.unlp.edu.ar\/?page_id=70\">Reuni\u00f3n de coordinaci\u00f3n 2015<\/a><\/h1>\n<\/header>\n<div class=\"entry-content\">\n<p>La reuni\u00f3n de coordinaci\u00f3n 2015 fue realizada entre los d\u00edas 22 y 23 de Octubre en el Centro cient\u00edfico y tecnol\u00f3gico CCT-La Plata, La Plata, Buenos Aires, Argentina.<\/p>\n<\/div>\n","protected":false},"excerpt":{"rendered":"<p>Reuni\u00f3n de coordinaci\u00f3n 2015 La reuni\u00f3n de coordinaci\u00f3n 2015 fue realizada entre los d\u00edas 22 y 23 de Octubre en el Centro cient\u00edfico y tecnol\u00f3gico CCT-La Plata, La Plata, Buenos Aires, Argentina.<\/p>\n","protected":false},"author":1,"featured_media":0,"parent":0,"menu_order":0,"comment_status":"closed","ping_status":"open","template":"","meta":{"_bbp_topic_count":0,"_bbp_reply_count":0,"_bbp_total_topic_count":0,"_bbp_total_reply_count":0,"_bbp_voice_count":0,"_bbp_anonymous_reply_count":0,"_bbp_topic_count_hidden":0,"_bbp_reply_count_hidden":0,"_bbp_forum_subforum_count":0},"_links":{"self":[{"href":"https:\/\/agromicrobios.biol.unlp.edu.ar\/index.php?rest_route=\/wp\/v2\/pages\/2"}],"collection":[{"href":"https:\/\/agromicrobios.biol.unlp.edu.ar\/index.php?rest_route=\/wp\/v2\/pages"}],"about":[{"href":"https:\/\/agromicrobios.biol.unlp.edu.ar\/index.php?rest_route=\/wp\/v2\/types\/page"}],"author":[{"embeddable":true,"href":"https:\/\/agromicrobios.biol.unlp.edu.ar\/index.php?rest_route=\/wp\/v2\/users\/1"}],"replies":[{"embeddable":true,"href":"https:\/\/agromicrobios.biol.unlp.edu.ar\/index.php?rest_route=%2Fwp%2Fv2%2Fcomments&post=2"}],"version-history":[{"count":2,"href":"https:\/\/agromicrobios.biol.unlp.edu.ar\/index.php?rest_route=\/wp\/v2\/pages\/2\/revisions"}],"predecessor-version":[{"id":73,"href":"https:\/\/agromicrobios.biol.unlp.edu.ar\/index.php?rest_route=\/wp\/v2\/pages\/2\/revisions\/73"}],"wp:attachment":[{"href":"https:\/\/agromicrobios.biol.unlp.edu.ar\/index.php?rest_route=%2Fwp%2Fv2%2Fmedia&parent=2"}],"curies":[{"name":"wp","href":"https:\/\/api.w.org\/{rel}","templated":true}]}}