{"id":70,"date":"2015-12-21T12:01:58","date_gmt":"2015-12-21T12:01:58","guid":{"rendered":"https:\/\/agromicrobios.biol.unlp.edu.ar\/?page_id=70"},"modified":"2015-12-21T12:01:58","modified_gmt":"2015-12-21T12:01:58","slug":"2015-2","status":"publish","type":"page","link":"https:\/\/agromicrobios.biol.unlp.edu.ar\/?page_id=70","title":{"rendered":"2015"},"content":{"rendered":"<h1 class=\"entry-title\">Reuni\u00f3n de coordinaci\u00f3n 2015<\/h1>\n<div class=\"entry-meta\">La reuni\u00f3n de coordinaci\u00f3n 2015 fue realizada entre los d\u00edas 22 y 23 de Octubre en el Centro cient\u00edfico y tecnol\u00f3gico CCT-La Plata, La Plata, Buenos Aires, Argentina.<\/div>\n","protected":false},"excerpt":{"rendered":"<p>Reuni\u00f3n de coordinaci\u00f3n 2015 La reuni\u00f3n de coordinaci\u00f3n 2015 fue realizada entre los d\u00edas 22 y 23 de Octubre en el Centro cient\u00edfico y tecnol\u00f3gico CCT-La Plata, La Plata, Buenos Aires, Argentina.<\/p>\n","protected":false},"author":2,"featured_media":0,"parent":2,"menu_order":0,"comment_status":"closed","ping_status":"closed","template":"template-fullwidth.php","meta":{"_bbp_topic_count":0,"_bbp_reply_count":0,"_bbp_total_topic_count":0,"_bbp_total_reply_count":0,"_bbp_voice_count":0,"_bbp_anonymous_reply_count":0,"_bbp_topic_count_hidden":0,"_bbp_reply_count_hidden":0,"_bbp_forum_subforum_count":0},"_links":{"self":[{"href":"https:\/\/agromicrobios.biol.unlp.edu.ar\/index.php?rest_route=\/wp\/v2\/pages\/70"}],"collection":[{"href":"https:\/\/agromicrobios.biol.unlp.edu.ar\/index.php?rest_route=\/wp\/v2\/pages"}],"about":[{"href":"https:\/\/agromicrobios.biol.unlp.edu.ar\/index.php?rest_route=\/wp\/v2\/types\/page"}],"author":[{"embeddable":true,"href":"https:\/\/agromicrobios.biol.unlp.edu.ar\/index.php?rest_route=\/wp\/v2\/users\/2"}],"replies":[{"embeddable":true,"href":"https:\/\/agromicrobios.biol.unlp.edu.ar\/index.php?rest_route=%2Fwp%2Fv2%2Fcomments&post=70"}],"version-history":[{"count":1,"href":"https:\/\/agromicrobios.biol.unlp.edu.ar\/index.php?rest_route=\/wp\/v2\/pages\/70\/revisions"}],"predecessor-version":[{"id":72,"href":"https:\/\/agromicrobios.biol.unlp.edu.ar\/index.php?rest_route=\/wp\/v2\/pages\/70\/revisions\/72"}],"up":[{"embeddable":true,"href":"https:\/\/agromicrobios.biol.unlp.edu.ar\/index.php?rest_route=\/wp\/v2\/pages\/2"}],"wp:attachment":[{"href":"https:\/\/agromicrobios.biol.unlp.edu.ar\/index.php?rest_route=%2Fwp%2Fv2%2Fmedia&parent=70"}],"curies":[{"name":"wp","href":"https:\/\/api.w.org\/{rel}","templated":true}]}}