{"id":79,"date":"2015-12-21T12:32:41","date_gmt":"2015-12-21T12:32:41","guid":{"rendered":"https:\/\/agromicrobios.biol.unlp.edu.ar\/?page_id=79"},"modified":"2015-12-21T12:32:41","modified_gmt":"2015-12-21T12:32:41","slug":"conferencias-y-congresos","status":"publish","type":"page","link":"https:\/\/agromicrobios.biol.unlp.edu.ar\/?page_id=79","title":{"rendered":"Conferencias y Congresos"},"content":{"rendered":"<p>En esta p\u00e1gina figurar\u00e1 la informaci\u00f3n sobre conferencias y congresos.<\/p>\n","protected":false},"excerpt":{"rendered":"<p>En esta p\u00e1gina figurar\u00e1 la informaci\u00f3n sobre conferencias y congresos.<\/p>\n","protected":false},"author":2,"featured_media":0,"parent":0,"menu_order":0,"comment_status":"closed","ping_status":"closed","template":"template-fullwidth.php","meta":{"_bbp_topic_count":0,"_bbp_reply_count":0,"_bbp_total_topic_count":0,"_bbp_total_reply_count":0,"_bbp_voice_count":0,"_bbp_anonymous_reply_count":0,"_bbp_topic_count_hidden":0,"_bbp_reply_count_hidden":0,"_bbp_forum_subforum_count":0},"_links":{"self":[{"href":"https:\/\/agromicrobios.biol.unlp.edu.ar\/index.php?rest_route=\/wp\/v2\/pages\/79"}],"collection":[{"href":"https:\/\/agromicrobios.biol.unlp.edu.ar\/index.php?rest_route=\/wp\/v2\/pages"}],"about":[{"href":"https:\/\/agromicrobios.biol.unlp.edu.ar\/index.php?rest_route=\/wp\/v2\/types\/page"}],"author":[{"embeddable":true,"href":"https:\/\/agromicrobios.biol.unlp.edu.ar\/index.php?rest_route=\/wp\/v2\/users\/2"}],"replies":[{"embeddable":true,"href":"https:\/\/agromicrobios.biol.unlp.edu.ar\/index.php?rest_route=%2Fwp%2Fv2%2Fcomments&post=79"}],"version-history":[{"count":1,"href":"https:\/\/agromicrobios.biol.unlp.edu.ar\/index.php?rest_route=\/wp\/v2\/pages\/79\/revisions"}],"predecessor-version":[{"id":81,"href":"https:\/\/agromicrobios.biol.unlp.edu.ar\/index.php?rest_route=\/wp\/v2\/pages\/79\/revisions\/81"}],"wp:attachment":[{"href":"https:\/\/agromicrobios.biol.unlp.edu.ar\/index.php?rest_route=%2Fwp%2Fv2%2Fmedia&parent=79"}],"curies":[{"name":"wp","href":"https:\/\/api.w.org\/{rel}","templated":true}]}}