{"id":82,"date":"2015-12-21T12:34:54","date_gmt":"2015-12-21T12:34:54","guid":{"rendered":"https:\/\/agromicrobios.biol.unlp.edu.ar\/?page_id=82"},"modified":"2015-12-21T12:35:17","modified_gmt":"2015-12-21T12:35:17","slug":"seminarios-y-talleres","status":"publish","type":"page","link":"https:\/\/agromicrobios.biol.unlp.edu.ar\/?page_id=82","title":{"rendered":"Seminarios y Talleres"},"content":{"rendered":"<h2>2015<\/h2>\n<h3>AgroMicrobiolog\u00eda &#8211; Taller<\/h3>\n<p>\u00ab<em>Revisiones escogidas sobre aspectos b\u00e1sicos y pr\u00e1cticas de la biofertilizaci\u00f3n en el siglo XXI<\/em>\u201d<\/p>\n<p>Se realiz\u00f3 entre los d\u00e1is\u00a020 y 21 de octubre de 2015, de 9 A 16.30 h en el\u00a0Centro Cient\u00edfico y Tecnol\u00f3gico (CCT), CONICET, La Plata.\u00a0calle 8 No. 1467, 1900-La Plata. Cont\u00f3 con m\u00e1s de 100 inscriptos. Para m\u00e1s informaci\u00f3n y acceda a la p\u00e1gina del taller <a href=\"https:\/\/agromicrobios.biol.unlp.edu.ar\/?page_id=83\">ENLACE<\/a>.<\/p>\n","protected":false},"excerpt":{"rendered":"<p>2015 AgroMicrobiolog\u00eda &#8211; Taller \u00abRevisiones escogidas sobre aspectos b\u00e1sicos y pr\u00e1cticas de la biofertilizaci\u00f3n en el siglo XXI\u201d Se realiz\u00f3 entre los d\u00e1is\u00a020 y 21 de octubre de 2015, de 9 A 16.30 h en el\u00a0Centro Cient\u00edfico y Tecnol\u00f3gico (CCT), CONICET, La Plata.\u00a0calle 8 No. 1467, 1900-La Plata. Cont\u00f3 con m\u00e1s de 100 inscriptos. Para <a href=\"https:\/\/agromicrobios.biol.unlp.edu.ar\/?page_id=82\" rel=\"nofollow\"><span class=\"sr-only\">Leer m\u00e1sSeminarios y Talleres<\/span>[&hellip;]<\/a><\/p>\n","protected":false},"author":2,"featured_media":0,"parent":0,"menu_order":0,"comment_status":"closed","ping_status":"closed","template":"","meta":{"_bbp_topic_count":0,"_bbp_reply_count":0,"_bbp_total_topic_count":0,"_bbp_total_reply_count":0,"_bbp_voice_count":0,"_bbp_anonymous_reply_count":0,"_bbp_topic_count_hidden":0,"_bbp_reply_count_hidden":0,"_bbp_forum_subforum_count":0},"_links":{"self":[{"href":"https:\/\/agromicrobios.biol.unlp.edu.ar\/index.php?rest_route=\/wp\/v2\/pages\/82"}],"collection":[{"href":"https:\/\/agromicrobios.biol.unlp.edu.ar\/index.php?rest_route=\/wp\/v2\/pages"}],"about":[{"href":"https:\/\/agromicrobios.biol.unlp.edu.ar\/index.php?rest_route=\/wp\/v2\/types\/page"}],"author":[{"embeddable":true,"href":"https:\/\/agromicrobios.biol.unlp.edu.ar\/index.php?rest_route=\/wp\/v2\/users\/2"}],"replies":[{"embeddable":true,"href":"https:\/\/agromicrobios.biol.unlp.edu.ar\/index.php?rest_route=%2Fwp%2Fv2%2Fcomments&post=82"}],"version-history":[{"count":2,"href":"https:\/\/agromicrobios.biol.unlp.edu.ar\/index.php?rest_route=\/wp\/v2\/pages\/82\/revisions"}],"predecessor-version":[{"id":88,"href":"https:\/\/agromicrobios.biol.unlp.edu.ar\/index.php?rest_route=\/wp\/v2\/pages\/82\/revisions\/88"}],"wp:attachment":[{"href":"https:\/\/agromicrobios.biol.unlp.edu.ar\/index.php?rest_route=%2Fwp%2Fv2%2Fmedia&parent=82"}],"curies":[{"name":"wp","href":"https:\/\/api.w.org\/{rel}","templated":true}]}}